{"id":6709,"date":"2019-10-17T09:34:51","date_gmt":"2019-10-17T09:34:51","guid":{"rendered":"https:\/\/demo.goodlayers.com\/seocrawler\/homepages\/marketing\/?page_id=2"},"modified":"2021-11-17T17:12:30","modified_gmt":"2021-11-17T17:12:30","slug":"sample-page-2","status":"publish","type":"page","link":"https:\/\/socialmediagranada.com\/index.php\/sample-page-2\/","title":{"rendered":"Pol\u00edticas y cookies"},"content":{"rendered":"\n<p><strong><u>Pol\u00edtica de Privacidad<\/u><\/strong><\/p>\n\n\n\n<p>De conformidad con lo establecido en la normativa vigente en Protecci\u00f3n de Datos de Car\u00e1cter Personal, le informamos que sus datos ser\u00e1n incorporados al sistema de tratamiento titularidad de\u00a0<strong>SOCIAL MEDIA GRANADA<\/strong>, y tratados en ficheros mixtos de datos de car\u00e1cter personal<strong>.\u00a0<\/strong>La existencia de los ficheros se recoge en nuestro registro de actividades conforme dispone el RGPD.<\/p>\n\n\n\n<p><strong>Finalidad<\/strong><\/p>\n\n\n\n<p>La recogida y tratamiento de los datos personales, incorporados a dichos ficheros, tiene como finalidad regular la puesta a disposici\u00f3n de la informaci\u00f3n suministrada en la tienda online, as\u00ed como las transacciones comerciales que surjan entre SOCIAL MEDIA GRANADA y los usuarios del dominio\u00a0www.socialmediagranada.com., ofrecerles informaci\u00f3n de inter\u00e9s, as\u00ed como la realizaci\u00f3n de comunicaciones comerciales incluyendo el env\u00edo de mensajes comerciales a trav\u00e9s de SMS, email, correo postal o cualquier otro medio electr\u00f3nico, que puedan ser de tu inter\u00e9s, a partir del estudio y segmentaci\u00f3n los datos recabados durante la navegaci\u00f3n por el website, de los datos proporcionados mediante la cumplimentaci\u00f3n de cualquier formulario, as\u00ed como los derivados de la relaci\u00f3n comercial o entrega de los productos comprados. \u00c9sta Web no tomar\u00e1 decisiones automatizadas, incluida la elaboraci\u00f3n de perfiles.<\/p>\n\n\n\n<p><strong>Legitimaci\u00f3n<\/strong><\/p>\n\n\n\n<p>El titular de los datos deber\u00e1 autorizar expl\u00edcitamente que acepta que sus datos sean incorporados a dichos ficheros otorgando su consentimiento de modo expl\u00edcito una vez cumplimentados sus datos en cualquiera de los formularios existentes en \u00e9sta Web en los que se les requiera cualquier dato personal obligatoriamente y antes de ser enviados. La base legal para el tratamiento de sus datos es el cumplimiento de la relaci\u00f3n contractual entre las partes y la prestaci\u00f3n de su consentimiento, que podr\u00e1 ser retirado cuando lo solicite.<\/p>\n\n\n\n<p><strong>Seguridad y deber de secreto<\/strong><\/p>\n\n\n\n<p>SOCIAL MEDIA GRANADA se compromete al cumplimiento de la obligaci\u00f3n de secreto respecto de los datos personales facilitados, as\u00ed como al deber de guardarlos adoptando las medidas adecuadas de \u00edndole t\u00e9cnica, organizativa y de seguridad necesarias para evitar su alteraci\u00f3n, p\u00e9rdida, tratamiento o acceso no autorizado.<\/p>\n\n\n\n<p><strong>Duraci\u00f3n del tratamiento<\/strong>\u00a0Sus datos ser\u00e1n conservados durante el plazo estrictamente necesario para cumplir con la finalidad para la que han sido recabados y mientras persista la relaci\u00f3n contractual con SOCIAL MEDIA GRANADA, su consentimiento y no haya sido revocado expresamente. Los datos de fallecidos deber\u00e1n permanecer en nuestros ficheros por obligaci\u00f3n legal registral.<\/p>\n\n\n\n<p><strong>Destinatarios<\/strong><\/p>\n\n\n\n<p>Sus datos no ser\u00e1n cedidos a terceros, salvo en los casos en que exista una obligaci\u00f3n legal.<\/p>\n\n\n\n<p><strong>Derechos<\/strong><\/p>\n\n\n\n<p>Tiene derecho a obtener confirmaci\u00f3n sobre si estamos tratando datos personales que les conciernan, a acceder a sus datos personales, as\u00ed como a solicitar la rectificaci\u00f3n de los datos inexactos o, en su caso, solicitar su supresi\u00f3n cuando, entre otros motivos, los datos ya no sean necesarios para los fines que fueron recogidos. En determinadas circunstancias, podr\u00e1n solicitar la limitaci\u00f3n del tratamiento de sus datos, en cuyo caso \u00fanicamente los conservaremos para el ejercicio o la defensa de reclamaciones. Por motivos relacionados con su situaci\u00f3n particular, podr\u00e1n oponerse al tratamiento de sus datos. Tiene derecho a la portabilidad cuando sea t\u00e9cnicamente posible. Podr\u00e1 dirigirse a la direcci\u00f3n postal indicada arriba o al correo electr\u00f3nico hola@socialmediagranada.com para ejercer sus derechos.<\/p>\n\n\n\n<p><strong><u>Pol\u00edtica de Cookies<\/u><\/strong><\/p>\n\n\n\n<p><strong>\u00bfQu\u00e9 son las Cookies?<\/strong><\/p>\n\n\n\n<p>Las Cookies son peque\u00f1os dispositivos que se almacenan en los terminales de los Usuarios y permiten recordar datos de navegaci\u00f3n de \u00e9stos.<\/p>\n\n\n\n<p><strong>Cookies en nuestras p\u00e1ginas web<\/strong><\/p>\n\n\n\n<p><strong>SOCIAL MEDIA GRANADA,\u00a0<\/strong>utiliza Cookies, propias y de terceros, para el correcto funcionamiento de la p\u00e1gina Web, para recordar las preferencias de los usuarios, as\u00ed como Cookies destinadas al an\u00e1lisis de las visitas a la p\u00e1gina web y para mostrarle informaci\u00f3n relacionada con sus preferencias de navegaci\u00f3n.<\/p>\n\n\n\n<p>\u2013&nbsp;<strong>Cookies t\u00e9cnicas obligatorias<\/strong>: Son aqu\u00e9llas que permiten al usuario la navegaci\u00f3n a trav\u00e9s de la p\u00e1gina web, y la utilizaci\u00f3n de las diferentes opciones o servicios que en ella existan como, por ejemplo, identificar la sesi\u00f3n, acceder a partes de acceso restringido, realizar el proceso de compra de un pedido o utilizar elementos de seguridad durante la navegaci\u00f3n.<\/p>\n\n\n\n<p>\u2013&nbsp;<strong>Cookies de personalizaci\u00f3n, an\u00e1lisis o funcionales<\/strong>: Son aqu\u00e9llas que permiten al usuario acceder al servicio con algunas caracter\u00edsticas de car\u00e1cter general predefinidas en funci\u00f3n de una serie de criterios en el terminal del usuario como por ejemplo serian el idioma, el tipo de navegador a trav\u00e9s del cual accede al servicio, la configuraci\u00f3n regional desde donde accede al servicio, cuantificar el n\u00famero de usuarios y as\u00ed realizar la medici\u00f3n y an\u00e1lisis estad\u00edstico de la utilizaci\u00f3n que hacen los usuarios del servicio ofertado. Para ello se analiza su navegaci\u00f3n en nuestra p\u00e1gina web con el fin de mejorar la oferta de productos o servicios que le ofrecemos.<\/p>\n\n\n\n<p>\u2013&nbsp;<strong>Cookies publicitarias o informativas<\/strong>: Son aqu\u00e9llas que nos permiten la gesti\u00f3n de la forma m\u00e1s eficaz posible de nuestra informaci\u00f3n, adecuando su contenido a las preferencias del usuario, al tipo de terminal desde el que accede al servicio, a las caracter\u00edsticas del uso que realiza el usuario de los servicios, ofrecerle publicidad propia o de terceros, etc. Para ello analizamos sus h\u00e1bitos de navegaci\u00f3n en Internet para ofrecerle publicidad relacionada con los intereses de sus perfiles de navegaci\u00f3n.<\/p>\n","protected":false},"excerpt":{"rendered":"<p>Pol\u00edtica de Privacidad De conformidad con lo establecido en la normativa vigente en Protecci\u00f3n de Datos de Car\u00e1cter Personal, le informamos que sus datos ser\u00e1n incorporados al sistema de tratamiento titularidad de\u00a0SOCIAL MEDIA GRANADA, y tratados en ficheros mixtos de datos de car\u00e1cter personal.\u00a0La existencia de los ficheros se recoge en nuestro registro de actividades [&hellip;]<\/p>\n","protected":false},"author":1,"featured_media":0,"parent":0,"menu_order":0,"comment_status":"closed","ping_status":"closed","template":"","meta":{"footnotes":""},"class_list":["post-6709","page","type-page","status-publish","hentry"],"yoast_head":"<!-- This site is optimized with the Yoast SEO plugin v25.4 - https:\/\/yoast.com\/wordpress\/plugins\/seo\/ -->\n<title>Pol\u00edticas y cookies - Social Media Granada<\/title>\n<meta name=\"robots\" content=\"index, follow, max-snippet:-1, max-image-preview:large, max-video-preview:-1\" \/>\n<link rel=\"canonical\" href=\"https:\/\/socialmediagranada.com\/index.php\/sample-page-2\/\" \/>\n<meta property=\"og:locale\" content=\"es_ES\" \/>\n<meta property=\"og:type\" content=\"article\" \/>\n<meta property=\"og:title\" content=\"Pol\u00edticas y cookies - Social Media Granada\" \/>\n<meta property=\"og:description\" content=\"Pol\u00edtica de Privacidad De conformidad con lo establecido en la normativa vigente en Protecci\u00f3n de Datos de Car\u00e1cter Personal, le informamos que sus datos ser\u00e1n incorporados al sistema de tratamiento titularidad de\u00a0SOCIAL MEDIA GRANADA, y tratados en ficheros mixtos de datos de car\u00e1cter personal.\u00a0La existencia de los ficheros se recoge en nuestro registro de actividades [&hellip;]\" \/>\n<meta property=\"og:url\" content=\"https:\/\/socialmediagranada.com\/index.php\/sample-page-2\/\" \/>\n<meta property=\"og:site_name\" content=\"Social Media Granada\" \/>\n<meta property=\"article:modified_time\" content=\"2021-11-17T17:12:30+00:00\" \/>\n<meta name=\"twitter:card\" content=\"summary_large_image\" \/>\n<meta name=\"twitter:label1\" content=\"Tiempo de lectura\" \/>\n\t<meta name=\"twitter:data1\" content=\"5 minutos\" \/>\n<script type=\"application\/ld+json\" class=\"yoast-schema-graph\">{\"@context\":\"https:\/\/schema.org\",\"@graph\":[{\"@type\":\"WebPage\",\"@id\":\"https:\/\/socialmediagranada.com\/index.php\/sample-page-2\/\",\"url\":\"https:\/\/socialmediagranada.com\/index.php\/sample-page-2\/\",\"name\":\"Pol\u00edticas y cookies - Social Media Granada\",\"isPartOf\":{\"@id\":\"https:\/\/socialmediagranada.com\/#website\"},\"datePublished\":\"2019-10-17T09:34:51+00:00\",\"dateModified\":\"2021-11-17T17:12:30+00:00\",\"breadcrumb\":{\"@id\":\"https:\/\/socialmediagranada.com\/index.php\/sample-page-2\/#breadcrumb\"},\"inLanguage\":\"es\",\"potentialAction\":[{\"@type\":\"ReadAction\",\"target\":[\"https:\/\/socialmediagranada.com\/index.php\/sample-page-2\/\"]}]},{\"@type\":\"BreadcrumbList\",\"@id\":\"https:\/\/socialmediagranada.com\/index.php\/sample-page-2\/#breadcrumb\",\"itemListElement\":[{\"@type\":\"ListItem\",\"position\":1,\"name\":\"Portada\",\"item\":\"https:\/\/socialmediagranada.com\/\"},{\"@type\":\"ListItem\",\"position\":2,\"name\":\"Pol\u00edticas y cookies\"}]},{\"@type\":\"WebSite\",\"@id\":\"https:\/\/socialmediagranada.com\/#website\",\"url\":\"https:\/\/socialmediagranada.com\/\",\"name\":\"Social Media Granada\",\"description\":\"Agencia de Marketing y Social Media Granada\",\"potentialAction\":[{\"@type\":\"SearchAction\",\"target\":{\"@type\":\"EntryPoint\",\"urlTemplate\":\"https:\/\/socialmediagranada.com\/?s={search_term_string}\"},\"query-input\":{\"@type\":\"PropertyValueSpecification\",\"valueRequired\":true,\"valueName\":\"search_term_string\"}}],\"inLanguage\":\"es\"}]}<\/script>\n<!-- \/ Yoast SEO plugin. -->","yoast_head_json":{"title":"Pol\u00edticas y cookies - Social Media Granada","robots":{"index":"index","follow":"follow","max-snippet":"max-snippet:-1","max-image-preview":"max-image-preview:large","max-video-preview":"max-video-preview:-1"},"canonical":"https:\/\/socialmediagranada.com\/index.php\/sample-page-2\/","og_locale":"es_ES","og_type":"article","og_title":"Pol\u00edticas y cookies - Social Media Granada","og_description":"Pol\u00edtica de Privacidad De conformidad con lo establecido en la normativa vigente en Protecci\u00f3n de Datos de Car\u00e1cter Personal, le informamos que sus datos ser\u00e1n incorporados al sistema de tratamiento titularidad de\u00a0SOCIAL MEDIA GRANADA, y tratados en ficheros mixtos de datos de car\u00e1cter personal.\u00a0La existencia de los ficheros se recoge en nuestro registro de actividades [&hellip;]","og_url":"https:\/\/socialmediagranada.com\/index.php\/sample-page-2\/","og_site_name":"Social Media Granada","article_modified_time":"2021-11-17T17:12:30+00:00","twitter_card":"summary_large_image","twitter_misc":{"Tiempo de lectura":"5 minutos"},"schema":{"@context":"https:\/\/schema.org","@graph":[{"@type":"WebPage","@id":"https:\/\/socialmediagranada.com\/index.php\/sample-page-2\/","url":"https:\/\/socialmediagranada.com\/index.php\/sample-page-2\/","name":"Pol\u00edticas y cookies - Social Media Granada","isPartOf":{"@id":"https:\/\/socialmediagranada.com\/#website"},"datePublished":"2019-10-17T09:34:51+00:00","dateModified":"2021-11-17T17:12:30+00:00","breadcrumb":{"@id":"https:\/\/socialmediagranada.com\/index.php\/sample-page-2\/#breadcrumb"},"inLanguage":"es","potentialAction":[{"@type":"ReadAction","target":["https:\/\/socialmediagranada.com\/index.php\/sample-page-2\/"]}]},{"@type":"BreadcrumbList","@id":"https:\/\/socialmediagranada.com\/index.php\/sample-page-2\/#breadcrumb","itemListElement":[{"@type":"ListItem","position":1,"name":"Portada","item":"https:\/\/socialmediagranada.com\/"},{"@type":"ListItem","position":2,"name":"Pol\u00edticas y cookies"}]},{"@type":"WebSite","@id":"https:\/\/socialmediagranada.com\/#website","url":"https:\/\/socialmediagranada.com\/","name":"Social Media Granada","description":"Agencia de Marketing y Social Media Granada","potentialAction":[{"@type":"SearchAction","target":{"@type":"EntryPoint","urlTemplate":"https:\/\/socialmediagranada.com\/?s={search_term_string}"},"query-input":{"@type":"PropertyValueSpecification","valueRequired":true,"valueName":"search_term_string"}}],"inLanguage":"es"}]}},"_links":{"self":[{"href":"https:\/\/socialmediagranada.com\/index.php\/wp-json\/wp\/v2\/pages\/6709","targetHints":{"allow":["GET"]}}],"collection":[{"href":"https:\/\/socialmediagranada.com\/index.php\/wp-json\/wp\/v2\/pages"}],"about":[{"href":"https:\/\/socialmediagranada.com\/index.php\/wp-json\/wp\/v2\/types\/page"}],"author":[{"embeddable":true,"href":"https:\/\/socialmediagranada.com\/index.php\/wp-json\/wp\/v2\/users\/1"}],"replies":[{"embeddable":true,"href":"https:\/\/socialmediagranada.com\/index.php\/wp-json\/wp\/v2\/comments?post=6709"}],"version-history":[{"count":2,"href":"https:\/\/socialmediagranada.com\/index.php\/wp-json\/wp\/v2\/pages\/6709\/revisions"}],"predecessor-version":[{"id":6804,"href":"https:\/\/socialmediagranada.com\/index.php\/wp-json\/wp\/v2\/pages\/6709\/revisions\/6804"}],"wp:attachment":[{"href":"https:\/\/socialmediagranada.com\/index.php\/wp-json\/wp\/v2\/media?parent=6709"}],"curies":[{"name":"wp","href":"https:\/\/api.w.org\/{rel}","templated":true}]}}